{"id":1024,"date":"2022-01-27T18:04:36","date_gmt":"2022-01-27T17:04:36","guid":{"rendered":"http:\/\/henning-kasten.de\/?page_id=1024"},"modified":"2024-05-17T08:30:53","modified_gmt":"2024-05-17T06:30:53","slug":"sommernachtskonzert-der-wiener-philharmoniker","status":"publish","type":"page","link":"https:\/\/henning-kasten.de\/en\/home\/sommernachtskonzert-der-wiener-philharmoniker\/","title":{"rendered":"The Vienna Philharmonic Summer Night Concert"},"content":{"rendered":"<div data-elementor-type=\"wp-page\" data-elementor-id=\"1024\" class=\"elementor elementor-1024\">\n\t\t\t\t\t\t<section class=\"elementor-section elementor-top-section elementor-element elementor-element-24b9271 elementor-section-boxed elementor-section-height-default elementor-section-height-default parallax_section_no qode_elementor_container_no\" data-id=\"24b9271\" data-element_type=\"section\" data-e-type=\"section\">\n\t\t\t\t\t\t<div class=\"elementor-container elementor-column-gap-default\">\n\t\t\t\t\t<div class=\"elementor-column elementor-col-100 elementor-top-column elementor-element elementor-element-a28b918\" data-id=\"a28b918\" data-element_type=\"column\" data-e-type=\"column\">\n\t\t\t<div class=\"elementor-widget-wrap elementor-element-populated\">\n\t\t\t\t\t\t<div class=\"elementor-element elementor-element-70284ba elementor-widget elementor-widget-text-editor\" data-id=\"70284ba\" data-element_type=\"widget\" data-e-type=\"widget\" data-widget_type=\"text-editor.default\">\n\t\t\t\t<div class=\"elementor-widget-container\">\n\t\t\t\t\t\t\t\t\t<h2>Summer Night Concert<\/h2>\t\t\t\t\t\t\t\t<\/div>\n\t\t\t\t<\/div>\n\t\t\t\t<div class=\"elementor-element elementor-element-027e776 elementor-widget elementor-widget-text-editor\" data-id=\"027e776\" data-element_type=\"widget\" data-e-type=\"widget\" data-widget_type=\"text-editor.default\">\n\t\t\t\t<div class=\"elementor-widget-container\">\n\t\t\t\t\t\t\t\t\t<p>The annual Vienna Philharmonic Summer Night Concert on the grounds of Sch\u00f6nbrunn Palace has up to 100.000 visitors and is broadcasted in about 80 countries.<\/p><p>Video director: 2014 - 2017, 2019 \u2013 2024.<\/p><p>Production: ORF<\/p>\t\t\t\t\t\t\t\t<\/div>\n\t\t\t\t<\/div>\n\t\t\t\t\t<\/div>\n\t\t<\/div>\n\t\t\t\t\t<\/div>\n\t\t<\/section>\n\t\t\t\t<section class=\"elementor-section elementor-top-section elementor-element elementor-element-2d5e7c8 elementor-section-boxed elementor-section-height-default elementor-section-height-default parallax_section_no qode_elementor_container_no\" data-id=\"2d5e7c8\" data-element_type=\"section\" data-e-type=\"section\">\n\t\t\t\t\t\t<div class=\"elementor-container elementor-column-gap-default\">\n\t\t\t\t\t<div class=\"elementor-column elementor-col-100 elementor-top-column elementor-element elementor-element-444dc09\" data-id=\"444dc09\" data-element_type=\"column\" data-e-type=\"column\">\n\t\t\t<div class=\"elementor-widget-wrap elementor-element-populated\">\n\t\t\t\t\t\t<section class=\"elementor-section elementor-inner-section elementor-element elementor-element-6039185 elementor-section-boxed elementor-section-height-default elementor-section-height-default parallax_section_no qode_elementor_container_no\" data-id=\"6039185\" data-element_type=\"section\" data-e-type=\"section\">\n\t\t\t\t\t\t<div class=\"elementor-container elementor-column-gap-default\">\n\t\t\t\t\t<div class=\"elementor-column elementor-col-33 elementor-inner-column elementor-element elementor-element-4ff0eeb\" data-id=\"4ff0eeb\" data-element_type=\"column\" data-e-type=\"column\">\n\t\t\t<div class=\"elementor-widget-wrap elementor-element-populated\">\n\t\t\t\t\t\t<div class=\"elementor-element elementor-element-fbbc903 elementor-widget elementor-widget-image\" data-id=\"fbbc903\" data-element_type=\"widget\" data-e-type=\"widget\" data-widget_type=\"image.default\">\n\t\t\t\t<div class=\"elementor-widget-container\">\n\t\t\t\t\t\t\t\t\t\t\t\t\t\t\t<img fetchpriority=\"high\" decoding=\"async\" width=\"1024\" height=\"576\" src=\"https:\/\/henning-kasten.de\/wp-content\/uploads\/2022\/01\/Sommernachtskonzert-4-1024x576.webp\" class=\"attachment-large size-large wp-image-1027\" alt=\"Sommernachtskonzert der Wiener Philharmoniker\" srcset=\"https:\/\/henning-kasten.de\/wp-content\/uploads\/2022\/01\/Sommernachtskonzert-4-1024x576.webp 1024w, https:\/\/henning-kasten.de\/wp-content\/uploads\/2022\/01\/Sommernachtskonzert-4-300x169.webp 300w, https:\/\/henning-kasten.de\/wp-content\/uploads\/2022\/01\/Sommernachtskonzert-4-768x432.webp 768w, https:\/\/henning-kasten.de\/wp-content\/uploads\/2022\/01\/Sommernachtskonzert-4-18x10.webp 18w, https:\/\/henning-kasten.de\/wp-content\/uploads\/2022\/01\/Sommernachtskonzert-4-700x394.webp 700w, https:\/\/henning-kasten.de\/wp-content\/uploads\/2022\/01\/Sommernachtskonzert-4-539x303.webp 539w, https:\/\/henning-kasten.de\/wp-content\/uploads\/2022\/01\/Sommernachtskonzert-4.webp 1440w\" sizes=\"(max-width: 1024px) 100vw, 1024px\" \/>\t\t\t\t\t\t\t\t\t\t\t\t\t\t\t<\/div>\n\t\t\t\t<\/div>\n\t\t\t\t\t<\/div>\n\t\t<\/div>\n\t\t\t\t<div class=\"elementor-column elementor-col-33 elementor-inner-column elementor-element elementor-element-41c366e\" data-id=\"41c366e\" data-element_type=\"column\" data-e-type=\"column\">\n\t\t\t<div class=\"elementor-widget-wrap elementor-element-populated\">\n\t\t\t\t\t\t<div class=\"elementor-element elementor-element-fa36426 elementor-widget elementor-widget-image\" data-id=\"fa36426\" data-element_type=\"widget\" data-e-type=\"widget\" data-widget_type=\"image.default\">\n\t\t\t\t<div class=\"elementor-widget-container\">\n\t\t\t\t\t\t\t\t\t\t\t\t\t\t\t<img decoding=\"async\" width=\"1024\" height=\"576\" src=\"https:\/\/henning-kasten.de\/wp-content\/uploads\/2022\/01\/Sommernachtskonzert-2-1-1024x576.webp\" class=\"attachment-large size-large wp-image-1028\" alt=\"Sommernachtskonzert der Wiener Philharmoniker\" srcset=\"https:\/\/henning-kasten.de\/wp-content\/uploads\/2022\/01\/Sommernachtskonzert-2-1-1024x576.webp 1024w, https:\/\/henning-kasten.de\/wp-content\/uploads\/2022\/01\/Sommernachtskonzert-2-1-300x169.webp 300w, https:\/\/henning-kasten.de\/wp-content\/uploads\/2022\/01\/Sommernachtskonzert-2-1-768x432.webp 768w, https:\/\/henning-kasten.de\/wp-content\/uploads\/2022\/01\/Sommernachtskonzert-2-1-18x10.webp 18w, https:\/\/henning-kasten.de\/wp-content\/uploads\/2022\/01\/Sommernachtskonzert-2-1-700x394.webp 700w, https:\/\/henning-kasten.de\/wp-content\/uploads\/2022\/01\/Sommernachtskonzert-2-1-539x303.webp 539w, https:\/\/henning-kasten.de\/wp-content\/uploads\/2022\/01\/Sommernachtskonzert-2-1.webp 1440w\" sizes=\"(max-width: 1024px) 100vw, 1024px\" \/>\t\t\t\t\t\t\t\t\t\t\t\t\t\t\t<\/div>\n\t\t\t\t<\/div>\n\t\t\t\t\t<\/div>\n\t\t<\/div>\n\t\t\t\t<div class=\"elementor-column elementor-col-33 elementor-inner-column elementor-element elementor-element-4baf866\" data-id=\"4baf866\" data-element_type=\"column\" data-e-type=\"column\">\n\t\t\t<div class=\"elementor-widget-wrap elementor-element-populated\">\n\t\t\t\t\t\t<div class=\"elementor-element elementor-element-d353cfc elementor-widget elementor-widget-image\" data-id=\"d353cfc\" data-element_type=\"widget\" data-e-type=\"widget\" data-widget_type=\"image.default\">\n\t\t\t\t<div class=\"elementor-widget-container\">\n\t\t\t\t\t\t\t\t\t\t\t\t\t\t\t<img decoding=\"async\" width=\"1024\" height=\"576\" src=\"https:\/\/henning-kasten.de\/wp-content\/uploads\/2022\/01\/Sommernachtskonzert-3-1024x576.webp\" class=\"attachment-large size-large wp-image-1025\" alt=\"Sommernachtskonzert der Wiener Philharmoniker\" srcset=\"https:\/\/henning-kasten.de\/wp-content\/uploads\/2022\/01\/Sommernachtskonzert-3-1024x576.webp 1024w, https:\/\/henning-kasten.de\/wp-content\/uploads\/2022\/01\/Sommernachtskonzert-3-300x169.webp 300w, https:\/\/henning-kasten.de\/wp-content\/uploads\/2022\/01\/Sommernachtskonzert-3-768x432.webp 768w, https:\/\/henning-kasten.de\/wp-content\/uploads\/2022\/01\/Sommernachtskonzert-3-18x10.webp 18w, https:\/\/henning-kasten.de\/wp-content\/uploads\/2022\/01\/Sommernachtskonzert-3-700x394.webp 700w, https:\/\/henning-kasten.de\/wp-content\/uploads\/2022\/01\/Sommernachtskonzert-3-539x303.webp 539w, https:\/\/henning-kasten.de\/wp-content\/uploads\/2022\/01\/Sommernachtskonzert-3.webp 1440w\" sizes=\"(max-width: 1024px) 100vw, 1024px\" \/>\t\t\t\t\t\t\t\t\t\t\t\t\t\t\t<\/div>\n\t\t\t\t<\/div>\n\t\t\t\t\t<\/div>\n\t\t<\/div>\n\t\t\t\t\t<\/div>\n\t\t<\/section>\n\t\t\t\t\t<\/div>\n\t\t<\/div>\n\t\t\t\t\t<\/div>\n\t\t<\/section>\n\t\t\t\t<\/div>","protected":false},"excerpt":{"rendered":"<p>Sommernachtskonzert Das j\u00e4hrliche Sommernachtskonzert der Wiener Philharmoniker im Schlosspark Sch\u00f6nbrunn hat bis zu 100.000 Besucher und wird in rund 80 L\u00e4nder \u00fcbertragen. Verantwortlich f\u00fcr die TV-Regie: 2014\u20132017, 2019\u20132024. Produktion: ORF<\/p>","protected":false},"author":1,"featured_media":0,"parent":455,"menu_order":0,"comment_status":"closed","ping_status":"closed","template":"full_width.php","meta":{"footnotes":""},"class_list":["post-1024","page","type-page","status-publish","hentry"],"_links":{"self":[{"href":"https:\/\/henning-kasten.de\/en\/wp-json\/wp\/v2\/pages\/1024","targetHints":{"allow":["GET"]}}],"collection":[{"href":"https:\/\/henning-kasten.de\/en\/wp-json\/wp\/v2\/pages"}],"about":[{"href":"https:\/\/henning-kasten.de\/en\/wp-json\/wp\/v2\/types\/page"}],"author":[{"embeddable":true,"href":"https:\/\/henning-kasten.de\/en\/wp-json\/wp\/v2\/users\/1"}],"replies":[{"embeddable":true,"href":"https:\/\/henning-kasten.de\/en\/wp-json\/wp\/v2\/comments?post=1024"}],"version-history":[{"count":28,"href":"https:\/\/henning-kasten.de\/en\/wp-json\/wp\/v2\/pages\/1024\/revisions"}],"predecessor-version":[{"id":1452,"href":"https:\/\/henning-kasten.de\/en\/wp-json\/wp\/v2\/pages\/1024\/revisions\/1452"}],"up":[{"embeddable":true,"href":"https:\/\/henning-kasten.de\/en\/wp-json\/wp\/v2\/pages\/455"}],"wp:attachment":[{"href":"https:\/\/henning-kasten.de\/en\/wp-json\/wp\/v2\/media?parent=1024"}],"curies":[{"name":"wp","href":"https:\/\/api.w.org\/{rel}","templated":true}]}}