{"id":286,"date":"2019-10-04T07:05:52","date_gmt":"2019-10-04T05:05:52","guid":{"rendered":"https:\/\/bridge259.qodeinteractive.com\/?page_id=286"},"modified":"2024-05-16T19:42:31","modified_gmt":"2024-05-16T17:42:31","slug":"highlight-europakonzert-paris","status":"publish","type":"page","link":"https:\/\/henning-kasten.de\/en\/home\/highlight-europakonzert-paris\/","title":{"rendered":"The European Concert of the Berliner Philharmoniker from the Sagrada Fam\u00edlia 2023"},"content":{"rendered":"<div data-elementor-type=\"wp-page\" data-elementor-id=\"286\" class=\"elementor elementor-286\">\n\t\t\t\t\t\t<section class=\"elementor-section elementor-top-section elementor-element elementor-element-24b9271 elementor-section-boxed elementor-section-height-default elementor-section-height-default parallax_section_no qode_elementor_container_no\" data-id=\"24b9271\" data-element_type=\"section\" data-e-type=\"section\">\n\t\t\t\t\t\t<div class=\"elementor-container elementor-column-gap-default\">\n\t\t\t\t\t<div class=\"elementor-column elementor-col-100 elementor-top-column elementor-element elementor-element-a28b918\" data-id=\"a28b918\" data-element_type=\"column\" data-e-type=\"column\">\n\t\t\t<div class=\"elementor-widget-wrap elementor-element-populated\">\n\t\t\t\t\t\t<div class=\"elementor-element elementor-element-70284ba elementor-widget elementor-widget-text-editor\" data-id=\"70284ba\" data-element_type=\"widget\" data-e-type=\"widget\" data-widget_type=\"text-editor.default\">\n\t\t\t\t<div class=\"elementor-widget-container\">\n\t\t\t\t\t\t\t\t\t<h2>The European Concert<\/h2>\t\t\t\t\t\t\t\t<\/div>\n\t\t\t\t<\/div>\n\t\t\t\t<div class=\"elementor-element elementor-element-027e776 elementor-widget elementor-widget-text-editor\" data-id=\"027e776\" data-element_type=\"widget\" data-e-type=\"widget\" data-widget_type=\"text-editor.default\">\n\t\t\t\t<div class=\"elementor-widget-container\">\n\t\t\t\t\t\t\t\t\t<p>The European Concert of the Berliner Philharmoniker is broadcasted annually from an European city to mark the orchestra's founding day.<\/p><p>Video director since 2012.<\/p><p>Production: EuroArts<\/p>\t\t\t\t\t\t\t\t<\/div>\n\t\t\t\t<\/div>\n\t\t\t\t\t<\/div>\n\t\t<\/div>\n\t\t\t\t\t<\/div>\n\t\t<\/section>\n\t\t\t\t<section class=\"elementor-section elementor-top-section elementor-element elementor-element-2d5e7c8 elementor-section-boxed elementor-section-height-default elementor-section-height-default parallax_section_no qode_elementor_container_no\" data-id=\"2d5e7c8\" data-element_type=\"section\" data-e-type=\"section\">\n\t\t\t\t\t\t<div class=\"elementor-container elementor-column-gap-default\">\n\t\t\t\t\t<div class=\"elementor-column elementor-col-100 elementor-top-column elementor-element elementor-element-444dc09\" data-id=\"444dc09\" data-element_type=\"column\" data-e-type=\"column\">\n\t\t\t<div class=\"elementor-widget-wrap elementor-element-populated\">\n\t\t\t\t\t\t<section class=\"elementor-section elementor-inner-section elementor-element elementor-element-6039185 elementor-section-boxed elementor-section-height-default elementor-section-height-default parallax_section_no qode_elementor_container_no\" data-id=\"6039185\" data-element_type=\"section\" data-e-type=\"section\">\n\t\t\t\t\t\t<div class=\"elementor-container elementor-column-gap-default\">\n\t\t\t\t\t<div class=\"elementor-column elementor-col-33 elementor-inner-column elementor-element elementor-element-4ff0eeb\" data-id=\"4ff0eeb\" data-element_type=\"column\" data-e-type=\"column\">\n\t\t\t<div class=\"elementor-widget-wrap elementor-element-populated\">\n\t\t\t\t\t\t<div class=\"elementor-element elementor-element-fbbc903 elementor-widget elementor-widget-image\" data-id=\"fbbc903\" data-element_type=\"widget\" data-e-type=\"widget\" data-widget_type=\"image.default\">\n\t\t\t\t<div class=\"elementor-widget-container\">\n\t\t\t\t\t\t\t\t\t\t\t\t\t\t\t<img fetchpriority=\"high\" decoding=\"async\" width=\"1024\" height=\"576\" src=\"https:\/\/henning-kasten.de\/wp-content\/uploads\/2024\/05\/Foto2-1024x576.webp\" class=\"attachment-large size-large wp-image-1437\" alt=\"Europakonzert der Berliner Philharmoniker 2023, Barcelona (EuroArts\/ARD)\" srcset=\"https:\/\/henning-kasten.de\/wp-content\/uploads\/2024\/05\/Foto2-1024x576.webp 1024w, https:\/\/henning-kasten.de\/wp-content\/uploads\/2024\/05\/Foto2-300x169.webp 300w, https:\/\/henning-kasten.de\/wp-content\/uploads\/2024\/05\/Foto2-768x432.webp 768w, https:\/\/henning-kasten.de\/wp-content\/uploads\/2024\/05\/Foto2-18x10.webp 18w, https:\/\/henning-kasten.de\/wp-content\/uploads\/2024\/05\/Foto2-700x394.webp 700w, https:\/\/henning-kasten.de\/wp-content\/uploads\/2024\/05\/Foto2-539x303.webp 539w, https:\/\/henning-kasten.de\/wp-content\/uploads\/2024\/05\/Foto2.webp 1440w\" sizes=\"(max-width: 1024px) 100vw, 1024px\" \/>\t\t\t\t\t\t\t\t\t\t\t\t\t\t\t<\/div>\n\t\t\t\t<\/div>\n\t\t\t\t\t<\/div>\n\t\t<\/div>\n\t\t\t\t<div class=\"elementor-column elementor-col-33 elementor-inner-column elementor-element elementor-element-41c366e\" data-id=\"41c366e\" data-element_type=\"column\" data-e-type=\"column\">\n\t\t\t<div class=\"elementor-widget-wrap elementor-element-populated\">\n\t\t\t\t\t\t<div class=\"elementor-element elementor-element-fa36426 elementor-widget elementor-widget-image\" data-id=\"fa36426\" data-element_type=\"widget\" data-e-type=\"widget\" data-widget_type=\"image.default\">\n\t\t\t\t<div class=\"elementor-widget-container\">\n\t\t\t\t\t\t\t\t\t\t\t\t\t\t\t<img decoding=\"async\" width=\"1024\" height=\"576\" src=\"https:\/\/henning-kasten.de\/wp-content\/uploads\/2024\/05\/Foto3-1024x576.webp\" class=\"attachment-large size-large wp-image-1438\" alt=\"Europakonzert der Berliner Philharmoniker 2023, Barcelona (EuroArts\/ARD)\" srcset=\"https:\/\/henning-kasten.de\/wp-content\/uploads\/2024\/05\/Foto3-1024x576.webp 1024w, https:\/\/henning-kasten.de\/wp-content\/uploads\/2024\/05\/Foto3-300x169.webp 300w, https:\/\/henning-kasten.de\/wp-content\/uploads\/2024\/05\/Foto3-768x432.webp 768w, https:\/\/henning-kasten.de\/wp-content\/uploads\/2024\/05\/Foto3-18x10.webp 18w, https:\/\/henning-kasten.de\/wp-content\/uploads\/2024\/05\/Foto3-700x394.webp 700w, https:\/\/henning-kasten.de\/wp-content\/uploads\/2024\/05\/Foto3-539x303.webp 539w, https:\/\/henning-kasten.de\/wp-content\/uploads\/2024\/05\/Foto3.webp 1440w\" sizes=\"(max-width: 1024px) 100vw, 1024px\" \/>\t\t\t\t\t\t\t\t\t\t\t\t\t\t\t<\/div>\n\t\t\t\t<\/div>\n\t\t\t\t\t<\/div>\n\t\t<\/div>\n\t\t\t\t<div class=\"elementor-column elementor-col-33 elementor-inner-column elementor-element elementor-element-4baf866\" data-id=\"4baf866\" data-element_type=\"column\" data-e-type=\"column\">\n\t\t\t<div class=\"elementor-widget-wrap elementor-element-populated\">\n\t\t\t\t\t\t<div class=\"elementor-element elementor-element-d353cfc elementor-widget elementor-widget-image\" data-id=\"d353cfc\" data-element_type=\"widget\" data-e-type=\"widget\" data-widget_type=\"image.default\">\n\t\t\t\t<div class=\"elementor-widget-container\">\n\t\t\t\t\t\t\t\t\t\t\t\t\t\t\t<img decoding=\"async\" width=\"1024\" height=\"576\" src=\"https:\/\/henning-kasten.de\/wp-content\/uploads\/2024\/05\/Foto4-1024x576.webp\" class=\"attachment-large size-large wp-image-1439\" alt=\"Europakonzert der Berliner Philharmoniker 2023, Barcelona (EuroArts\/ARD)\" srcset=\"https:\/\/henning-kasten.de\/wp-content\/uploads\/2024\/05\/Foto4-1024x576.webp 1024w, https:\/\/henning-kasten.de\/wp-content\/uploads\/2024\/05\/Foto4-300x169.webp 300w, https:\/\/henning-kasten.de\/wp-content\/uploads\/2024\/05\/Foto4-768x432.webp 768w, https:\/\/henning-kasten.de\/wp-content\/uploads\/2024\/05\/Foto4-18x10.webp 18w, https:\/\/henning-kasten.de\/wp-content\/uploads\/2024\/05\/Foto4-700x394.webp 700w, https:\/\/henning-kasten.de\/wp-content\/uploads\/2024\/05\/Foto4-539x303.webp 539w, https:\/\/henning-kasten.de\/wp-content\/uploads\/2024\/05\/Foto4.webp 1440w\" sizes=\"(max-width: 1024px) 100vw, 1024px\" \/>\t\t\t\t\t\t\t\t\t\t\t\t\t\t\t<\/div>\n\t\t\t\t<\/div>\n\t\t\t\t\t<\/div>\n\t\t<\/div>\n\t\t\t\t\t<\/div>\n\t\t<\/section>\n\t\t\t\t\t<\/div>\n\t\t<\/div>\n\t\t\t\t\t<\/div>\n\t\t<\/section>\n\t\t\t\t<\/div>","protected":false},"excerpt":{"rendered":"<p>Europakonzert Das Europakonzert der Berliner Philharmoniker wird anl\u00e4sslich des Gr\u00fcndungstages des Orchesters allj\u00e4hrlich am 01. Mai aus einer europ\u00e4ischen Stadt \u00fcbertragen. Verantwortlich f\u00fcr die TV-Regie seit 2012. Produktion: EuroArts<\/p>","protected":false},"author":1,"featured_media":0,"parent":455,"menu_order":0,"comment_status":"closed","ping_status":"closed","template":"full_width.php","meta":{"footnotes":""},"class_list":["post-286","page","type-page","status-publish","hentry"],"_links":{"self":[{"href":"https:\/\/henning-kasten.de\/en\/wp-json\/wp\/v2\/pages\/286","targetHints":{"allow":["GET"]}}],"collection":[{"href":"https:\/\/henning-kasten.de\/en\/wp-json\/wp\/v2\/pages"}],"about":[{"href":"https:\/\/henning-kasten.de\/en\/wp-json\/wp\/v2\/types\/page"}],"author":[{"embeddable":true,"href":"https:\/\/henning-kasten.de\/en\/wp-json\/wp\/v2\/users\/1"}],"replies":[{"embeddable":true,"href":"https:\/\/henning-kasten.de\/en\/wp-json\/wp\/v2\/comments?post=286"}],"version-history":[{"count":52,"href":"https:\/\/henning-kasten.de\/en\/wp-json\/wp\/v2\/pages\/286\/revisions"}],"predecessor-version":[{"id":1443,"href":"https:\/\/henning-kasten.de\/en\/wp-json\/wp\/v2\/pages\/286\/revisions\/1443"}],"up":[{"embeddable":true,"href":"https:\/\/henning-kasten.de\/en\/wp-json\/wp\/v2\/pages\/455"}],"wp:attachment":[{"href":"https:\/\/henning-kasten.de\/en\/wp-json\/wp\/v2\/media?parent=286"}],"curies":[{"name":"wp","href":"https:\/\/api.w.org\/{rel}","templated":true}]}}