{"id":696,"date":"2022-01-13T18:42:11","date_gmt":"2022-01-13T17:42:11","guid":{"rendered":"http:\/\/henning-kasten.de\/?page_id=696"},"modified":"2025-07-02T17:58:04","modified_gmt":"2025-07-02T15:58:04","slug":"international","status":"publish","type":"page","link":"https:\/\/henning-kasten.de\/en\/international\/","title":{"rendered":"International"},"content":{"rendered":"<div data-elementor-type=\"wp-page\" data-elementor-id=\"696\" class=\"elementor elementor-696\">\n\t\t\t\t\t\t<section class=\"elementor-section elementor-top-section elementor-element elementor-element-24b9271 elementor-section-boxed elementor-section-height-default elementor-section-height-default parallax_section_no qode_elementor_container_no\" data-id=\"24b9271\" data-element_type=\"section\" data-e-type=\"section\" data-settings=\"{&quot;background_background&quot;:&quot;classic&quot;}\">\n\t\t\t\t\t\t<div class=\"elementor-container elementor-column-gap-default\">\n\t\t\t\t\t<div class=\"elementor-column elementor-col-100 elementor-top-column elementor-element elementor-element-a28b918\" data-id=\"a28b918\" data-element_type=\"column\" data-e-type=\"column\">\n\t\t\t<div class=\"elementor-widget-wrap elementor-element-populated\">\n\t\t\t\t\t\t<div class=\"elementor-element elementor-element-70284ba elementor-widget elementor-widget-text-editor\" data-id=\"70284ba\" data-element_type=\"widget\" data-e-type=\"widget\" data-widget_type=\"text-editor.default\">\n\t\t\t\t<div class=\"elementor-widget-container\">\n\t\t\t\t\t\t\t\t\t<h2>International<\/h2>\t\t\t\t\t\t\t\t<\/div>\n\t\t\t\t<\/div>\n\t\t\t\t\t<\/div>\n\t\t<\/div>\n\t\t\t\t\t<\/div>\n\t\t<\/section>\n\t\t\t\t<section class=\"elementor-section elementor-top-section elementor-element elementor-element-2d5e7c8 elementor-section-boxed elementor-section-height-default elementor-section-height-default parallax_section_no qode_elementor_container_no\" data-id=\"2d5e7c8\" data-element_type=\"section\" data-e-type=\"section\" data-settings=\"{&quot;background_background&quot;:&quot;classic&quot;}\">\n\t\t\t\t\t\t<div class=\"elementor-container elementor-column-gap-default\">\n\t\t\t\t\t<div class=\"elementor-column elementor-col-100 elementor-top-column elementor-element elementor-element-444dc09\" data-id=\"444dc09\" data-element_type=\"column\" data-e-type=\"column\">\n\t\t\t<div class=\"elementor-widget-wrap elementor-element-populated\">\n\t\t\t\t\t\t<div class=\"elementor-element elementor-element-df338a8 filmografie elementor-widget elementor-widget-text-editor\" data-id=\"df338a8\" data-element_type=\"widget\" data-e-type=\"widget\" data-widget_type=\"text-editor.default\">\n\t\t\t\t<div class=\"elementor-widget-container\">\n\t\t\t\t\t\t\t\t\t<p>Tsinandali Estate, Georgia<\/p><p>Teatro Petruzzelli, Bari<\/p><p>Arena di Verona<\/p><p>Sagrada Fam\u00edlia, Barcelona<\/p><p>Vidzeme Concert Hall, C\u0113sis<\/p><p>Seeb\u00fchne, Bregenz<\/p><p>Great Amber Concert Hall, Liep\u0101ja<\/p><p>LNOBT, Vilnius<\/p><p>NCPA, Bejing<\/p><p>YMCA Concert Hall, Jerusalem<\/p><p>KKL, Lucerne<\/p><p>Saint Paul\u2019s Church, London<\/p><p>Prince\u2019s Palace, Monaco<\/p><p>Musikverein, Vienna<\/p><p>Rudolfinum, Prague<\/p><p>Mariinsky Theatre, Saint Petersburg<\/p><p>Megaron Concert Hall, Athens<\/p><p>Festspielhaus, Salzburg<\/p><p>Spanish Hall, Prague Castle<\/p><p>Paphos, Cyprus<\/p><p>Tropicana, Havanna<\/p><p>Plaza de la Rep\u00fablica, Buenos Aires<\/p><p>Mus\u00e9e d\u2019Orsay, Paris<\/p>\t\t\t\t\t\t\t\t<\/div>\n\t\t\t\t<\/div>\n\t\t\t\t\t<\/div>\n\t\t<\/div>\n\t\t\t\t\t<\/div>\n\t\t<\/section>\n\t\t\t\t<\/div>","protected":false},"excerpt":{"rendered":"<p>International Tsinandali Estate, Georgien Teatro Petruzzelli, Bari Arena di Verona Sagrada Fam\u00edlia, Barcelona Vidzeme Konzerthalle, C\u0113sis Seeb\u00fchne, Bregenz Great Amber Konzerthalle, Liep\u0101ja LNOBT, Vilnius NCPA, Peking YMCA Concert Hall, Jerusalem KKL, Luzern Saint Paul\u2019s Church, London F\u00fcrstenpalast Monaco Musikverein, Wien Rudolfinum, Prag Mariinsky-Theater, St. Petersburg&#8230;<\/p>","protected":false},"author":1,"featured_media":0,"parent":0,"menu_order":0,"comment_status":"closed","ping_status":"closed","template":"full_width.php","meta":{"footnotes":""},"class_list":["post-696","page","type-page","status-publish","hentry"],"_links":{"self":[{"href":"https:\/\/henning-kasten.de\/en\/wp-json\/wp\/v2\/pages\/696","targetHints":{"allow":["GET"]}}],"collection":[{"href":"https:\/\/henning-kasten.de\/en\/wp-json\/wp\/v2\/pages"}],"about":[{"href":"https:\/\/henning-kasten.de\/en\/wp-json\/wp\/v2\/types\/page"}],"author":[{"embeddable":true,"href":"https:\/\/henning-kasten.de\/en\/wp-json\/wp\/v2\/users\/1"}],"replies":[{"embeddable":true,"href":"https:\/\/henning-kasten.de\/en\/wp-json\/wp\/v2\/comments?post=696"}],"version-history":[{"count":22,"href":"https:\/\/henning-kasten.de\/en\/wp-json\/wp\/v2\/pages\/696\/revisions"}],"predecessor-version":[{"id":1460,"href":"https:\/\/henning-kasten.de\/en\/wp-json\/wp\/v2\/pages\/696\/revisions\/1460"}],"wp:attachment":[{"href":"https:\/\/henning-kasten.de\/en\/wp-json\/wp\/v2\/media?parent=696"}],"curies":[{"name":"wp","href":"https:\/\/api.w.org\/{rel}","templated":true}]}}