{"id":923,"date":"2022-01-27T15:58:11","date_gmt":"2022-01-27T14:58:11","guid":{"rendered":"http:\/\/henning-kasten.de\/?page_id=923"},"modified":"2022-03-21T10:40:24","modified_gmt":"2022-03-21T09:40:24","slug":"neujahrskonzert-der-wiener-philharmoniker","status":"publish","type":"page","link":"https:\/\/henning-kasten.de\/en\/home\/neujahrskonzert-der-wiener-philharmoniker\/","title":{"rendered":"The Vienna Philharmonic New Year\u2019s Concert"},"content":{"rendered":"<div data-elementor-type=\"wp-page\" data-elementor-id=\"923\" class=\"elementor elementor-923\">\n\t\t\t\t\t\t<section class=\"elementor-section elementor-top-section elementor-element elementor-element-24b9271 elementor-section-boxed elementor-section-height-default elementor-section-height-default parallax_section_no qode_elementor_container_no\" data-id=\"24b9271\" data-element_type=\"section\" data-e-type=\"section\">\n\t\t\t\t\t\t<div class=\"elementor-container elementor-column-gap-default\">\n\t\t\t\t\t<div class=\"elementor-column elementor-col-100 elementor-top-column elementor-element elementor-element-a28b918\" data-id=\"a28b918\" data-element_type=\"column\" data-e-type=\"column\">\n\t\t\t<div class=\"elementor-widget-wrap elementor-element-populated\">\n\t\t\t\t\t\t<div class=\"elementor-element elementor-element-70284ba elementor-widget elementor-widget-text-editor\" data-id=\"70284ba\" data-element_type=\"widget\" data-e-type=\"widget\" data-widget_type=\"text-editor.default\">\n\t\t\t\t<div class=\"elementor-widget-container\">\n\t\t\t\t\t\t\t\t\t<h2>New Year\u2019s Concert<\/h2>\t\t\t\t\t\t\t\t<\/div>\n\t\t\t\t<\/div>\n\t\t\t\t<div class=\"elementor-element elementor-element-027e776 elementor-widget elementor-widget-text-editor\" data-id=\"027e776\" data-element_type=\"widget\" data-e-type=\"widget\" data-widget_type=\"text-editor.default\">\n\t\t\t\t<div class=\"elementor-widget-container\">\n\t\t\t\t\t\t\t\t\t<p>Broadcast from the Musikverein 2018, 2019, 2021 in 92 countries with approx. 50 million viewers. Video director for concert and ballet sequences.<\/p><p>Production: ORF<\/p>\t\t\t\t\t\t\t\t<\/div>\n\t\t\t\t<\/div>\n\t\t\t\t\t<\/div>\n\t\t<\/div>\n\t\t\t\t\t<\/div>\n\t\t<\/section>\n\t\t\t\t<section class=\"elementor-section elementor-top-section elementor-element elementor-element-2d5e7c8 elementor-section-boxed elementor-section-height-default elementor-section-height-default parallax_section_no qode_elementor_container_no\" data-id=\"2d5e7c8\" data-element_type=\"section\" data-e-type=\"section\">\n\t\t\t\t\t\t<div class=\"elementor-container elementor-column-gap-default\">\n\t\t\t\t\t<div class=\"elementor-column elementor-col-100 elementor-top-column elementor-element elementor-element-444dc09\" data-id=\"444dc09\" data-element_type=\"column\" data-e-type=\"column\">\n\t\t\t<div class=\"elementor-widget-wrap elementor-element-populated\">\n\t\t\t\t\t\t<section class=\"elementor-section elementor-inner-section elementor-element elementor-element-6039185 elementor-section-boxed elementor-section-height-default elementor-section-height-default parallax_section_no qode_elementor_container_no\" data-id=\"6039185\" data-element_type=\"section\" data-e-type=\"section\">\n\t\t\t\t\t\t<div class=\"elementor-container elementor-column-gap-default\">\n\t\t\t\t\t<div class=\"elementor-column elementor-col-33 elementor-inner-column elementor-element elementor-element-4ff0eeb\" data-id=\"4ff0eeb\" data-element_type=\"column\" data-e-type=\"column\">\n\t\t\t<div class=\"elementor-widget-wrap elementor-element-populated\">\n\t\t\t\t\t\t<div class=\"elementor-element elementor-element-fbbc903 elementor-widget elementor-widget-image\" data-id=\"fbbc903\" data-element_type=\"widget\" data-e-type=\"widget\" data-widget_type=\"image.default\">\n\t\t\t\t<div class=\"elementor-widget-container\">\n\t\t\t\t\t\t\t\t\t\t\t\t\t\t\t<img decoding=\"async\" src=\"http:\/\/henning-kasten.de\/wp-content\/uploads\/2022\/01\/Neujahrskonzert-2.webp\" title=\"\" alt=\"Neujahrskonzert der Wiener Philharmoniker\" loading=\"lazy\" \/>\t\t\t\t\t\t\t\t\t\t\t\t\t\t\t<\/div>\n\t\t\t\t<\/div>\n\t\t\t\t\t<\/div>\n\t\t<\/div>\n\t\t\t\t<div class=\"elementor-column elementor-col-33 elementor-inner-column elementor-element elementor-element-41c366e\" data-id=\"41c366e\" data-element_type=\"column\" data-e-type=\"column\">\n\t\t\t<div class=\"elementor-widget-wrap elementor-element-populated\">\n\t\t\t\t\t\t<div class=\"elementor-element elementor-element-fa36426 elementor-widget elementor-widget-image\" data-id=\"fa36426\" data-element_type=\"widget\" data-e-type=\"widget\" data-widget_type=\"image.default\">\n\t\t\t\t<div class=\"elementor-widget-container\">\n\t\t\t\t\t\t\t\t\t\t\t\t\t\t\t<img fetchpriority=\"high\" decoding=\"async\" width=\"1024\" height=\"576\" src=\"https:\/\/henning-kasten.de\/wp-content\/uploads\/2022\/01\/Neujahrskonzert-3-1024x576.webp\" class=\"attachment-large size-large wp-image-932\" alt=\"Neujahrskonzert der Wiener Philharmoniker\" srcset=\"https:\/\/henning-kasten.de\/wp-content\/uploads\/2022\/01\/Neujahrskonzert-3-1024x576.webp 1024w, https:\/\/henning-kasten.de\/wp-content\/uploads\/2022\/01\/Neujahrskonzert-3-300x169.webp 300w, https:\/\/henning-kasten.de\/wp-content\/uploads\/2022\/01\/Neujahrskonzert-3-768x432.webp 768w, https:\/\/henning-kasten.de\/wp-content\/uploads\/2022\/01\/Neujahrskonzert-3-18x10.webp 18w, https:\/\/henning-kasten.de\/wp-content\/uploads\/2022\/01\/Neujahrskonzert-3-700x394.webp 700w, https:\/\/henning-kasten.de\/wp-content\/uploads\/2022\/01\/Neujahrskonzert-3-539x303.webp 539w, https:\/\/henning-kasten.de\/wp-content\/uploads\/2022\/01\/Neujahrskonzert-3.webp 1440w\" sizes=\"(max-width: 1024px) 100vw, 1024px\" \/>\t\t\t\t\t\t\t\t\t\t\t\t\t\t\t<\/div>\n\t\t\t\t<\/div>\n\t\t\t\t\t<\/div>\n\t\t<\/div>\n\t\t\t\t<div class=\"elementor-column elementor-col-33 elementor-inner-column elementor-element elementor-element-4baf866\" data-id=\"4baf866\" data-element_type=\"column\" data-e-type=\"column\">\n\t\t\t<div class=\"elementor-widget-wrap elementor-element-populated\">\n\t\t\t\t\t\t<div class=\"elementor-element elementor-element-d353cfc elementor-widget elementor-widget-image\" data-id=\"d353cfc\" data-element_type=\"widget\" data-e-type=\"widget\" data-widget_type=\"image.default\">\n\t\t\t\t<div class=\"elementor-widget-container\">\n\t\t\t\t\t\t\t\t\t\t\t\t\t\t\t<img decoding=\"async\" width=\"1024\" height=\"576\" src=\"https:\/\/henning-kasten.de\/wp-content\/uploads\/2022\/01\/Neujahrskonzert-4-1024x576.webp\" class=\"attachment-large size-large wp-image-934\" alt=\"\" srcset=\"https:\/\/henning-kasten.de\/wp-content\/uploads\/2022\/01\/Neujahrskonzert-4-1024x576.webp 1024w, https:\/\/henning-kasten.de\/wp-content\/uploads\/2022\/01\/Neujahrskonzert-4-300x169.webp 300w, https:\/\/henning-kasten.de\/wp-content\/uploads\/2022\/01\/Neujahrskonzert-4-768x432.webp 768w, https:\/\/henning-kasten.de\/wp-content\/uploads\/2022\/01\/Neujahrskonzert-4-18x10.webp 18w, https:\/\/henning-kasten.de\/wp-content\/uploads\/2022\/01\/Neujahrskonzert-4-700x394.webp 700w, https:\/\/henning-kasten.de\/wp-content\/uploads\/2022\/01\/Neujahrskonzert-4-539x303.webp 539w, https:\/\/henning-kasten.de\/wp-content\/uploads\/2022\/01\/Neujahrskonzert-4.webp 1440w\" sizes=\"(max-width: 1024px) 100vw, 1024px\" \/>\t\t\t\t\t\t\t\t\t\t\t\t\t\t\t<\/div>\n\t\t\t\t<\/div>\n\t\t\t\t\t<\/div>\n\t\t<\/div>\n\t\t\t\t\t<\/div>\n\t\t<\/section>\n\t\t\t\t\t<\/div>\n\t\t<\/div>\n\t\t\t\t\t<\/div>\n\t\t<\/section>\n\t\t\t\t<\/div>","protected":false},"excerpt":{"rendered":"<p>Neujahrskonzert \u00dcbertagung aus dem Musikvereinssaal 2018, 2019, 2021 in 92 L\u00e4nder mit rund 50 Millionen Zuschauer*innen. Verantwortlich f\u00fcr die TV-Regie der Konzert\u00fcbertragung und Ballett-Sequenzen. Produktion: ORF<\/p>","protected":false},"author":1,"featured_media":0,"parent":455,"menu_order":0,"comment_status":"closed","ping_status":"closed","template":"full_width.php","meta":{"footnotes":""},"class_list":["post-923","page","type-page","status-publish","hentry"],"_links":{"self":[{"href":"https:\/\/henning-kasten.de\/en\/wp-json\/wp\/v2\/pages\/923","targetHints":{"allow":["GET"]}}],"collection":[{"href":"https:\/\/henning-kasten.de\/en\/wp-json\/wp\/v2\/pages"}],"about":[{"href":"https:\/\/henning-kasten.de\/en\/wp-json\/wp\/v2\/types\/page"}],"author":[{"embeddable":true,"href":"https:\/\/henning-kasten.de\/en\/wp-json\/wp\/v2\/users\/1"}],"replies":[{"embeddable":true,"href":"https:\/\/henning-kasten.de\/en\/wp-json\/wp\/v2\/comments?post=923"}],"version-history":[{"count":11,"href":"https:\/\/henning-kasten.de\/en\/wp-json\/wp\/v2\/pages\/923\/revisions"}],"predecessor-version":[{"id":1388,"href":"https:\/\/henning-kasten.de\/en\/wp-json\/wp\/v2\/pages\/923\/revisions\/1388"}],"up":[{"embeddable":true,"href":"https:\/\/henning-kasten.de\/en\/wp-json\/wp\/v2\/pages\/455"}],"wp:attachment":[{"href":"https:\/\/henning-kasten.de\/en\/wp-json\/wp\/v2\/media?parent=923"}],"curies":[{"name":"wp","href":"https:\/\/api.w.org\/{rel}","templated":true}]}}